{"id":1662,"date":"2023-11-10T13:22:08","date_gmt":"2023-11-10T11:22:08","guid":{"rendered":"https:\/\/www.elcafedelaopera.com\/?page_id=1662"},"modified":"2023-11-10T13:22:08","modified_gmt":"2023-11-10T11:22:08","slug":"daily-menu-preludio-2","status":"publish","type":"page","link":"https:\/\/www.elcafedelaopera.com\/en\/proposals\/daily-menu-preludio-2\/","title":{"rendered":"Daily menu: Preludio"},"content":{"rendered":"<p>[et_pb_section fb_built=&#8221;1&#8243; custom_padding_last_edited=&#8221;on|desktop&#8221; admin_label=&#8221;Encabezado&#8221; _builder_version=&#8221;4.17.4&#8243; _module_preset=&#8221;default&#8221; background_color=&#8221;#160b00&#8243; use_background_color_gradient=&#8221;on&#8221; background_color_gradient_direction=&#8221;90deg&#8221; background_color_gradient_stops=&#8221;#000000 0%|rgba(255,255,255,0) 51%&#8221; background_color_gradient_overlays_image=&#8221;on&#8221; background_image=&#8221;https:\/\/www.elcafedelaopera.com\/wp-content\/uploads\/2023\/11\/IMG_8744-min-scaled.jpg&#8221; background_position=&#8221;top_right&#8221; background_horizontal_offset=&#8221;0%&#8221; background_vertical_offset=&#8221;34%&#8221; min_height=&#8221;60vh&#8221; min_height_tablet=&#8221;100vh&#8221; min_height_phone=&#8221;60vh&#8221; min_height_last_edited=&#8221;on|phone&#8221; custom_padding=&#8221;10vw||10vw||true|false&#8221; custom_padding_tablet=&#8221;|0px|||false|false&#8221; custom_padding_phone=&#8221;|40px|||false|false&#8221; saved_tabs=&#8221;all&#8221; locked=&#8221;off&#8221; collapsed=&#8221;off&#8221; global_colors_info=&#8221;{}&#8221;][et_pb_row _builder_version=&#8221;4.16&#8243; _module_preset=&#8221;default&#8221; locked=&#8221;off&#8221; global_colors_info=&#8221;{}&#8221;][et_pb_column type=&#8221;4_4&#8243; _builder_version=&#8221;4.16&#8243; _module_preset=&#8221;default&#8221; global_colors_info=&#8221;{}&#8221;][et_pb_text _builder_version=&#8221;4.17.4&#8243; _module_preset=&#8221;default&#8221; text_text_color=&#8221;rgba(255,207,154,0.7)&#8221; text_font_size=&#8221;16px&#8221; text_line_height=&#8221;1.8em&#8221; header_font=&#8221;Playfair Display||||||||&#8221; header_text_color=&#8221;#ffebd6&#8243; header_font_size=&#8221;3vw&#8221; header_line_height=&#8221;1.6em&#8221; background_layout=&#8221;dark&#8221; header_font_size_tablet=&#8221;70px&#8221; header_font_size_phone=&#8221;40px&#8221; header_font_size_last_edited=&#8221;on|desktop&#8221; locked=&#8221;off&#8221; global_colors_info=&#8221;{}&#8221;]<\/p>\n<h1>Cocido madrile\u00f1o en El Caf\u00e9 de la \u00d3pera<\/h1>\n<p>[\/et_pb_text][\/et_pb_column][\/et_pb_row][\/et_pb_section][et_pb_section fb_built=&#8221;1&#8243; disabled_on=&#8221;off|off|off&#8221; admin_label=&#8221;Texto original&#8221; module_id=&#8221;una-cena-cantada&#8221; _builder_version=&#8221;4.17.4&#8243; _module_preset=&#8221;default&#8221; background_color=&#8221;#FFFFFF&#8221; custom_padding=&#8221;||0px|||&#8221; locked=&#8221;off&#8221; collapsed=&#8221;off&#8221; global_colors_info=&#8221;{}&#8221;][et_pb_row column_structure=&#8221;2_5,3_5&#8243; _builder_version=&#8221;4.17.4&#8243; _module_preset=&#8221;default&#8221; width_tablet=&#8221;&#8221; width_phone=&#8221;90%&#8221; width_last_edited=&#8221;on|phone&#8221; custom_margin=&#8221;|auto|2px|auto||&#8221; custom_padding=&#8221;||0px|||&#8221; global_colors_info=&#8221;{}&#8221;][et_pb_column type=&#8221;2_5&#8243; _builder_version=&#8221;4.17.4&#8243; _module_preset=&#8221;default&#8221; border_width_all=&#8221;2px&#8221; border_color_all=&#8221;#000000&#8243; global_colors_info=&#8221;{}&#8221;][et_pb_gallery gallery_ids=&#8221;1571&#8243; fullwidth=&#8221;on&#8221; _builder_version=&#8221;4.17.4&#8243; _module_preset=&#8221;default&#8221; title_text_color=&#8221;#FFFFFF&#8221; pagination_text_color=&#8221;#FFFFFF&#8221; background_layout=&#8221;dark&#8221; custom_margin=&#8221;30px|-30px|30px|30px|true|false&#8221; custom_margin_tablet=&#8221;30px|-30px|30px|30px|true|false&#8221; custom_margin_phone=&#8221;15px|-15px|15px|15px|true|false&#8221; custom_margin_last_edited=&#8221;on|phone&#8221; global_colors_info=&#8221;{}&#8221;][\/et_pb_gallery][\/et_pb_column][et_pb_column type=&#8221;3_5&#8243; _builder_version=&#8221;4.17.4&#8243; _module_preset=&#8221;default&#8221; custom_padding=&#8221;20px|30px||30px|false|true&#8221; custom_padding_tablet=&#8221;0px||||false|false&#8221; custom_padding_phone=&#8221;|0px||0px|false|true&#8221; custom_padding_last_edited=&#8221;on|phone&#8221; global_colors_info=&#8221;{}&#8221;][et_pb_text admin_label=&#8221;Texto&#8221; _builder_version=&#8221;4.17.4&#8243; _module_preset=&#8221;default&#8221; text_text_color=&#8221;#000000&#8243; text_font_size=&#8221;18px&#8221; text_line_height=&#8221;1.8em&#8221; header_text_color=&#8221;#000000&#8243; header_font_size=&#8221;44px&#8221; header_line_height=&#8221;2em&#8221; header_2_font=&#8221;Playfair Display||||||||&#8221; header_2_text_color=&#8221;#000000&#8243; header_2_font_size=&#8221;44px&#8221; header_2_line_height=&#8221;1.2em&#8221; header_3_font=&#8221;|700||on|||||&#8221; header_3_text_color=&#8221;#000000&#8243; header_3_font_size=&#8221;16px&#8221; header_3_letter_spacing=&#8221;2px&#8221; header_3_line_height=&#8221;2em&#8221; background_layout=&#8221;dark&#8221; custom_margin=&#8221;||-76px|||&#8221; custom_padding_last_edited=&#8221;off|phone&#8221; header_2_font_size_tablet=&#8221;40px&#8221; header_2_font_size_phone=&#8221;30px&#8221; header_2_font_size_last_edited=&#8221;on|phone&#8221; locked=&#8221;off&#8221; global_colors_info=&#8221;{}&#8221;]<\/p>\n<h2 class=\"gb-headline gb-headline-31681703 gb-headline-text\">Men\u00fa Cocido madrile\u00f1o en tres vuelcos<\/h2>\n<h3><\/h3>\n<h3>Incluye la sopa, los garbanzos y una selecci\u00f3n de carnes y verduras con leche frita de postre.<\/h3>\n<div class=\"page\" title=\"Page 2\">\n<div class=\"layoutArea\">\n<div class=\"column\">\n<h3><\/h3>\n<p>Llega el fr\u00edo y, con \u00e9l, el Cocido Madrile\u00f1o es un imprescindible cada viernes en El Caf\u00e9 de la \u00d3pera. Un men\u00fa tradicional con el que disfrutar de un delicioso cocido en tres vuelcos, para comer como m\u00e1s nos guste, galardonado en 2015 por la calidad de sus garbanzos.<\/p>\n<p>Una propuesta gastron\u00f3mica que arranca con la <strong>croqueta de cocido<\/strong>, las <strong>guindillas con cebolletas<\/strong> y la <strong>sopa con fideos<\/strong>. En bandeja, servidos los <strong>garbanzos castellanos<\/strong> y <strong>verduras. <\/strong>Acompa\u00f1ado por una cuidada selecci\u00f3n de carnes: <strong>morcillo<\/strong>, <strong>tocino<\/strong>, <strong>panceta<\/strong>, <strong>costillas<\/strong>, <strong>chorizo asturiano<\/strong>, <strong>morcilla<\/strong> y <strong>gallina<\/strong> junto a la <strong>salsa de tomate con cominos<\/strong>. Y de postre, <strong>leche frita<\/strong>.<\/p>\n<p>\u00bfSu secreto? \u201cLa elaboraci\u00f3n a fuego lento durante m\u00e1s de 48 horas\u201d, nos cuenta su jefe de cocina.\u00a0 Disponible exclusivamente los viernes, se sirve de la olla a la mesa, siempre con ingredientes de la m\u00e1s alta calidad.<\/p>\n<p>Cocido madrile\u00f1o con postre: 29 <span style=\"color: #000000;\">\u20ac por persona (IVA incluido)\u00a0<\/span><span style=\"color: #000000;\"><\/span><\/p>\n<p>Ni\u00f1os hasta 10 a\u00f1os: 12 <span style=\"color: #000000;\">\u20ac por ni\u00f1o\u00a0<\/span><\/p>\n<div class=\"column\">\n<p><strong>Ni\u00f1os hasta 10 a\u00f1os: 12\u20ac por ni\u00f1o <\/strong><strong>(IVA incluido)<\/strong><\/p>\n<\/div>\n<div class=\"column\">Todos los viernes de 13:00 a 16:00 h<\/div>\n<\/div>\n<\/div>\n<\/div>\n<div class=\"page\" title=\"Page 1\">\n<div class=\"layoutArea\">\n<div class=\"column\"><\/div>\n<div class=\"column\">\n<div class=\"page\" title=\"Page 2\">\n<div class=\"layoutArea\">\n<div class=\"column\">\n<p>&nbsp;<\/p>\n<p>&nbsp;<\/p>\n<div class=\"page\" title=\"Page 1\">\n<div class=\"layoutArea\">\n<div class=\"column\">\n<div class=\"page\" title=\"Page 2\">\n<div class=\"layoutArea\">\n<div class=\"column\"><\/div>\n<\/div>\n<\/div>\n<\/div>\n<\/div>\n<\/div>\n<div class=\"page\" title=\"Page 2\">\n<div class=\"layoutArea\">\n<div class=\"column\">\n<div class=\"page\" title=\"Page 2\">\n<div class=\"layoutArea\">\n<div class=\"column\">\n<p>&nbsp;<\/p>\n<\/div>\n<\/div>\n<\/div>\n<\/div>\n<\/div>\n<\/div>\n<\/div>\n<\/div>\n<\/div>\n<\/div>\n<\/div>\n<\/div>\n<p>[\/et_pb_text][\/et_pb_column][\/et_pb_row][et_pb_row _builder_version=&#8221;4.17.4&#8243; _module_preset=&#8221;default&#8221; width_tablet=&#8221;&#8221; width_phone=&#8221;90%&#8221; width_last_edited=&#8221;on|phone&#8221; min_height=&#8221;24.2px&#8221; locked=&#8221;off&#8221; global_colors_info=&#8221;{}&#8221;][et_pb_column type=&#8221;4_4&#8243; _builder_version=&#8221;4.17.4&#8243; _module_preset=&#8221;default&#8221; global_colors_info=&#8221;{}&#8221;][et_pb_button button_url=&#8221;https:\/\/www.elcafedelaopera.com\/wp-content\/uploads\/2023\/11\/Cocido-madrileno-story-scaled.jpg&#8221; url_new_window=&#8221;on&#8221; button_text=&#8221;Ver Men\u00fa Cocido&#8221; button_alignment=&#8221;left&#8221; button_alignment_tablet=&#8221;left&#8221; button_alignment_phone=&#8221;center&#8221; button_alignment_last_edited=&#8221;on|phone&#8221; admin_label=&#8221;Bot\u00f3n reservar (en una fila)&#8221; _builder_version=&#8221;4.17.4&#8243; _module_preset=&#8221;default&#8221; custom_button=&#8221;on&#8221; button_text_size=&#8221;14px&#8221; button_text_color=&#8221;#baaf92&#8243; button_bg_color=&#8221;#160b00&#8243; button_border_width=&#8221;0px&#8221; button_border_radius=&#8221;0px&#8221; button_letter_spacing=&#8221;2px&#8221; button_font=&#8221;Montserrat|700||on|||||&#8221; custom_margin=&#8221;||||false|false&#8221; custom_padding=&#8221;17px|27px|17px|27px|true|true&#8221; custom_css_main_element=&#8221;display: inline-block;||float: left;||margin-right: 30px;&#8221; locked=&#8221;off&#8221; global_colors_info=&#8221;{%22gcid-1a4b6057-13ce-4197-8a52-7e95103d3861%22:%91%22button_bg_color__hover%22,%22button_bg_color__hover%22%93}&#8221; button_text_color__hover=&#8221;#FFFFFF&#8221; button_text_color__hover_enabled=&#8221;on|hover&#8221; button_border_color__hover=&#8221;#000000&#8243; button_border_color__hover_enabled=&#8221;on&#8221; button_bg_color__hover=&#8221;#4c0013&#8243; button_bg_color__hover_enabled=&#8221;on&#8221; button_bg_enable_color__hover=&#8221;on&#8221; custom_css_main_element_last_edited=&#8221;on|phone&#8221; custom_css_main_element_phone=&#8221;width: 100%;&#8221; custom_css_main_element_tablet=&#8221;display: inline-block;&#8221;][\/et_pb_button][\/et_pb_column][\/et_pb_row][\/et_pb_section][et_pb_section fb_built=&#8221;1&#8243; _builder_version=&#8221;4.17.4&#8243; _module_preset=&#8221;default&#8221; custom_padding=&#8221;0px|||||&#8221; global_colors_info=&#8221;{}&#8221;][et_pb_row _builder_version=&#8221;4.17.4&#8243; _module_preset=&#8221;default&#8221; global_colors_info=&#8221;{}&#8221;][et_pb_column type=&#8221;4_4&#8243; _builder_version=&#8221;4.17.4&#8243; _module_preset=&#8221;default&#8221; global_colors_info=&#8221;{}&#8221;][et_pb_image src=&#8221;https:\/\/www.elcafedelaopera.com\/wp-content\/uploads\/2023\/11\/IMG_8857-min-min-scaled.jpg&#8221; title_text=&#8221;IMG_8857-min-min&#8221; _builder_version=&#8221;4.17.4&#8243; _module_preset=&#8221;default&#8221; global_colors_info=&#8221;{}&#8221;][\/et_pb_image][\/et_pb_column][\/et_pb_row][\/et_pb_section]<\/p>\n","protected":false},"excerpt":{"rendered":"<p>Cocido madrile\u00f1o en El Caf\u00e9 de la \u00d3pera Men\u00fa Cocido madrile\u00f1o en tres vuelcos Incluye la sopa, los garbanzos y una selecci\u00f3n de carnes y verduras con leche frita de postre. Llega el fr\u00edo y, con \u00e9l, el Cocido Madrile\u00f1o es un imprescindible cada viernes en El Caf\u00e9 de la \u00d3pera. Un men\u00fa tradicional con [&hellip;]<\/p>\n","protected":false},"author":2,"featured_media":0,"parent":1198,"menu_order":0,"comment_status":"closed","ping_status":"closed","template":"","meta":{"_et_pb_use_builder":"on","_et_pb_old_content":"","_et_gb_content_width":"","footnotes":""},"class_list":["post-1662","page","type-page","status-publish","hentry"],"yoast_head":"<!-- This site is optimized with the Yoast SEO plugin v24.6 - https:\/\/yoast.com\/wordpress\/plugins\/seo\/ -->\n<title>Daily menu in the centre of Madrid<\/title>\n<meta name=\"description\" content=\"From Monday to Friday at midday (not public holidays) enjoy the Preludio executive menu. First course, main course and dessert, with home cooking recipes\" \/>\n<meta name=\"robots\" content=\"index, follow, max-snippet:-1, max-image-preview:large, max-video-preview:-1\" \/>\n<link rel=\"canonical\" href=\"https:\/\/www.elcafedelaopera.com\/en\/proposals\/daily-menu-preludio-2\/\" \/>\n<meta property=\"og:locale\" content=\"en_US\" \/>\n<meta property=\"og:type\" content=\"article\" \/>\n<meta property=\"og:title\" content=\"Daily menu in the centre of Madrid\" \/>\n<meta property=\"og:description\" content=\"From Monday to Friday at midday (not public holidays) enjoy the Preludio executive menu. First course, main course and dessert, with home cooking recipes\" \/>\n<meta property=\"og:url\" content=\"https:\/\/www.elcafedelaopera.com\/en\/proposals\/daily-menu-preludio-2\/\" \/>\n<meta property=\"og:site_name\" content=\"El Caf\u00e9 de la \u00d3pera\" \/>\n<meta property=\"article:publisher\" content=\"https:\/\/www.facebook.com\/elcafedelaopera\/\" \/>\n<meta property=\"og:image\" content=\"https:\/\/www.elcafedelaopera.com\/wp-content\/uploads\/2023\/06\/El-Cafe-de-la-opera-I-web-scaled.jpg\" \/>\n\t<meta property=\"og:image:width\" content=\"2560\" \/>\n\t<meta property=\"og:image:height\" content=\"1440\" \/>\n\t<meta property=\"og:image:type\" content=\"image\/jpeg\" \/>\n<meta name=\"twitter:card\" content=\"summary_large_image\" \/>\n<meta name=\"twitter:label1\" content=\"Est. reading time\" \/>\n\t<meta name=\"twitter:data1\" content=\"3 minutes\" \/>\n<script type=\"application\/ld+json\" class=\"yoast-schema-graph\">{\"@context\":\"https:\/\/schema.org\",\"@graph\":[{\"@type\":\"WebPage\",\"@id\":\"https:\/\/www.elcafedelaopera.com\/en\/proposals\/daily-menu-preludio-2\/\",\"url\":\"https:\/\/www.elcafedelaopera.com\/en\/proposals\/daily-menu-preludio-2\/\",\"name\":\"Daily menu in the centre of Madrid\",\"isPartOf\":{\"@id\":\"https:\/\/www.elcafedelaopera.com\/en\/#website\"},\"datePublished\":\"2023-11-10T11:22:08+00:00\",\"description\":\"From Monday to Friday at midday (not public holidays) enjoy the Preludio executive menu. First course, main course and dessert, with home cooking recipes\",\"breadcrumb\":{\"@id\":\"https:\/\/www.elcafedelaopera.com\/en\/proposals\/daily-menu-preludio-2\/#breadcrumb\"},\"inLanguage\":\"en-US\",\"potentialAction\":[{\"@type\":\"ReadAction\",\"target\":[\"https:\/\/www.elcafedelaopera.com\/en\/proposals\/daily-menu-preludio-2\/\"]}]},{\"@type\":\"BreadcrumbList\",\"@id\":\"https:\/\/www.elcafedelaopera.com\/en\/proposals\/daily-menu-preludio-2\/#breadcrumb\",\"itemListElement\":[{\"@type\":\"ListItem\",\"position\":1,\"name\":\"Portada\",\"item\":\"https:\/\/www.elcafedelaopera.com\/en\/\"},{\"@type\":\"ListItem\",\"position\":2,\"name\":\"Planes\",\"item\":\"https:\/\/www.elcafedelaopera.com\/en\/proposals\/\"},{\"@type\":\"ListItem\",\"position\":3,\"name\":\"Daily menu: Preludio\"}]},{\"@type\":\"WebSite\",\"@id\":\"https:\/\/www.elcafedelaopera.com\/en\/#website\",\"url\":\"https:\/\/www.elcafedelaopera.com\/en\/\",\"name\":\"El Caf\u00e9 de la \u00d3pera\",\"description\":\"Restaurante y terraza junto al Teatro Real\",\"publisher\":{\"@id\":\"https:\/\/www.elcafedelaopera.com\/en\/#organization\"},\"potentialAction\":[{\"@type\":\"SearchAction\",\"target\":{\"@type\":\"EntryPoint\",\"urlTemplate\":\"https:\/\/www.elcafedelaopera.com\/en\/?s={search_term_string}\"},\"query-input\":{\"@type\":\"PropertyValueSpecification\",\"valueRequired\":true,\"valueName\":\"search_term_string\"}}],\"inLanguage\":\"en-US\"},{\"@type\":\"Organization\",\"@id\":\"https:\/\/www.elcafedelaopera.com\/en\/#organization\",\"name\":\"El Caf\u00e9 de la \u00d3pera\",\"url\":\"https:\/\/www.elcafedelaopera.com\/en\/\",\"logo\":{\"@type\":\"ImageObject\",\"inLanguage\":\"en-US\",\"@id\":\"https:\/\/www.elcafedelaopera.com\/en\/#\/schema\/logo\/image\/\",\"url\":\"https:\/\/www.elcafedelaopera.com\/wp-content\/uploads\/2023\/06\/El-Cafe-de-la-opera-I-lfondo-blanco-para-instagram.jpg\",\"contentUrl\":\"https:\/\/www.elcafedelaopera.com\/wp-content\/uploads\/2023\/06\/El-Cafe-de-la-opera-I-lfondo-blanco-para-instagram.jpg\",\"width\":772,\"height\":804,\"caption\":\"El Caf\u00e9 de la \u00d3pera\"},\"image\":{\"@id\":\"https:\/\/www.elcafedelaopera.com\/en\/#\/schema\/logo\/image\/\"},\"sameAs\":[\"https:\/\/www.facebook.com\/elcafedelaopera\/\",\"https:\/\/www.instagram.com\/elcafedelaopera\/\",\"https:\/\/www.tiktok.com\/@elcafedelaopera\"]}]}<\/script>\n<!-- \/ Yoast SEO plugin. -->","yoast_head_json":{"title":"Daily menu in the centre of Madrid","description":"From Monday to Friday at midday (not public holidays) enjoy the Preludio executive menu. First course, main course and dessert, with home cooking recipes","robots":{"index":"index","follow":"follow","max-snippet":"max-snippet:-1","max-image-preview":"max-image-preview:large","max-video-preview":"max-video-preview:-1"},"canonical":"https:\/\/www.elcafedelaopera.com\/en\/proposals\/daily-menu-preludio-2\/","og_locale":"en_US","og_type":"article","og_title":"Daily menu in the centre of Madrid","og_description":"From Monday to Friday at midday (not public holidays) enjoy the Preludio executive menu. First course, main course and dessert, with home cooking recipes","og_url":"https:\/\/www.elcafedelaopera.com\/en\/proposals\/daily-menu-preludio-2\/","og_site_name":"El Caf\u00e9 de la \u00d3pera","article_publisher":"https:\/\/www.facebook.com\/elcafedelaopera\/","og_image":[{"width":2560,"height":1440,"url":"https:\/\/www.elcafedelaopera.com\/wp-content\/uploads\/2023\/06\/El-Cafe-de-la-opera-I-web-scaled.jpg","type":"image\/jpeg"}],"twitter_card":"summary_large_image","twitter_misc":{"Est. reading time":"3 minutes"},"schema":{"@context":"https:\/\/schema.org","@graph":[{"@type":"WebPage","@id":"https:\/\/www.elcafedelaopera.com\/en\/proposals\/daily-menu-preludio-2\/","url":"https:\/\/www.elcafedelaopera.com\/en\/proposals\/daily-menu-preludio-2\/","name":"Daily menu in the centre of Madrid","isPartOf":{"@id":"https:\/\/www.elcafedelaopera.com\/en\/#website"},"datePublished":"2023-11-10T11:22:08+00:00","description":"From Monday to Friday at midday (not public holidays) enjoy the Preludio executive menu. First course, main course and dessert, with home cooking recipes","breadcrumb":{"@id":"https:\/\/www.elcafedelaopera.com\/en\/proposals\/daily-menu-preludio-2\/#breadcrumb"},"inLanguage":"en-US","potentialAction":[{"@type":"ReadAction","target":["https:\/\/www.elcafedelaopera.com\/en\/proposals\/daily-menu-preludio-2\/"]}]},{"@type":"BreadcrumbList","@id":"https:\/\/www.elcafedelaopera.com\/en\/proposals\/daily-menu-preludio-2\/#breadcrumb","itemListElement":[{"@type":"ListItem","position":1,"name":"Portada","item":"https:\/\/www.elcafedelaopera.com\/en\/"},{"@type":"ListItem","position":2,"name":"Planes","item":"https:\/\/www.elcafedelaopera.com\/en\/proposals\/"},{"@type":"ListItem","position":3,"name":"Daily menu: Preludio"}]},{"@type":"WebSite","@id":"https:\/\/www.elcafedelaopera.com\/en\/#website","url":"https:\/\/www.elcafedelaopera.com\/en\/","name":"El Caf\u00e9 de la \u00d3pera","description":"Restaurante y terraza junto al Teatro Real","publisher":{"@id":"https:\/\/www.elcafedelaopera.com\/en\/#organization"},"potentialAction":[{"@type":"SearchAction","target":{"@type":"EntryPoint","urlTemplate":"https:\/\/www.elcafedelaopera.com\/en\/?s={search_term_string}"},"query-input":{"@type":"PropertyValueSpecification","valueRequired":true,"valueName":"search_term_string"}}],"inLanguage":"en-US"},{"@type":"Organization","@id":"https:\/\/www.elcafedelaopera.com\/en\/#organization","name":"El Caf\u00e9 de la \u00d3pera","url":"https:\/\/www.elcafedelaopera.com\/en\/","logo":{"@type":"ImageObject","inLanguage":"en-US","@id":"https:\/\/www.elcafedelaopera.com\/en\/#\/schema\/logo\/image\/","url":"https:\/\/www.elcafedelaopera.com\/wp-content\/uploads\/2023\/06\/El-Cafe-de-la-opera-I-lfondo-blanco-para-instagram.jpg","contentUrl":"https:\/\/www.elcafedelaopera.com\/wp-content\/uploads\/2023\/06\/El-Cafe-de-la-opera-I-lfondo-blanco-para-instagram.jpg","width":772,"height":804,"caption":"El Caf\u00e9 de la \u00d3pera"},"image":{"@id":"https:\/\/www.elcafedelaopera.com\/en\/#\/schema\/logo\/image\/"},"sameAs":["https:\/\/www.facebook.com\/elcafedelaopera\/","https:\/\/www.instagram.com\/elcafedelaopera\/","https:\/\/www.tiktok.com\/@elcafedelaopera"]}]}},"_links":{"self":[{"href":"https:\/\/www.elcafedelaopera.com\/en\/wp-json\/wp\/v2\/pages\/1662","targetHints":{"allow":["GET"]}}],"collection":[{"href":"https:\/\/www.elcafedelaopera.com\/en\/wp-json\/wp\/v2\/pages"}],"about":[{"href":"https:\/\/www.elcafedelaopera.com\/en\/wp-json\/wp\/v2\/types\/page"}],"author":[{"embeddable":true,"href":"https:\/\/www.elcafedelaopera.com\/en\/wp-json\/wp\/v2\/users\/2"}],"replies":[{"embeddable":true,"href":"https:\/\/www.elcafedelaopera.com\/en\/wp-json\/wp\/v2\/comments?post=1662"}],"version-history":[{"count":1,"href":"https:\/\/www.elcafedelaopera.com\/en\/wp-json\/wp\/v2\/pages\/1662\/revisions"}],"predecessor-version":[{"id":1663,"href":"https:\/\/www.elcafedelaopera.com\/en\/wp-json\/wp\/v2\/pages\/1662\/revisions\/1663"}],"up":[{"embeddable":true,"href":"https:\/\/www.elcafedelaopera.com\/en\/wp-json\/wp\/v2\/pages\/1198"}],"wp:attachment":[{"href":"https:\/\/www.elcafedelaopera.com\/en\/wp-json\/wp\/v2\/media?parent=1662"}],"curies":[{"name":"wp","href":"https:\/\/api.w.org\/{rel}","templated":true}]}}